{"id":89903,"date":"2024-04-03T09:30:42","date_gmt":"2024-04-03T07:30:42","guid":{"rendered":"https:\/\/www.sixense-group.com\/?page_id=89903"},"modified":"2025-12-24T14:28:13","modified_gmt":"2025-12-24T13:28:13","slug":"our-csr-commitments","status":"publish","type":"page","link":"https:\/\/www.sixense-group.com\/en\/our-csr-approach","title":{"rendered":"Our CSR approach"},"content":{"rendered":"","protected":false},"excerpt":{"rendered":"","protected":false},"author":527,"featured_media":88172,"parent":0,"menu_order":0,"comment_status":"closed","ping_status":"closed","template":"","meta":{"_acf_changed":false,"inline_featured_image":false,"footnotes":""},"class_list":["post-89903","page","type-page","status-publish","has-post-thumbnail","hentry"],"acf":[],"yoast_head":"<!-- This site is optimized with the Yoast SEO Premium plugin v25.8 (Yoast SEO v27.2) - https:\/\/yoast.com\/product\/yoast-seo-premium-wordpress\/ -->\n<title>Our CSR approach | Sixense<\/title>\n<meta name=\"description\" content=\"Discover Sixense&#039;s CSR approach, which places social and environmental issues at the heart of the company&#039;s mission.\" \/>\n<meta name=\"robots\" content=\"index, follow, max-snippet:-1, max-image-preview:large, max-video-preview:-1\" \/>\n<link rel=\"canonical\" href=\"https:\/\/www.sixense-group.com\/en\/our-csr-approach\" \/>\n<meta property=\"og:locale\" content=\"en_US\" \/>\n<meta property=\"og:type\" content=\"article\" \/>\n<meta property=\"og:title\" content=\"Our CSR approach\" \/>\n<meta property=\"og:description\" content=\"Discover Sixense&#039;s CSR approach, which places social and environmental issues at the heart of the company&#039;s mission.\" \/>\n<meta property=\"og:url\" content=\"https:\/\/www.sixense-group.com\/en\/our-csr-approach\" \/>\n<meta property=\"og:site_name\" content=\"Sixense\" \/>\n<meta property=\"article:modified_time\" content=\"2025-12-24T13:28:13+00:00\" \/>\n<meta property=\"og:image\" content=\"https:\/\/www.sixense-group.com\/wp-content\/uploads\/sites\/24\/2024\/04\/ch-20231206-187-banniere-intranet--scaled.jpg\" \/>\n\t<meta property=\"og:image:width\" content=\"2560\" \/>\n\t<meta property=\"og:image:height\" content=\"920\" \/>\n\t<meta property=\"og:image:type\" content=\"image\/jpeg\" \/>\n<meta name=\"twitter:card\" content=\"summary_large_image\" \/>\n<script type=\"application\/ld+json\" class=\"yoast-schema-graph\">{\"@context\":\"https:\/\/schema.org\",\"@graph\":[{\"@type\":\"WebPage\",\"@id\":\"https:\/\/www.sixense-group.com\/en\/our-csr-approach\",\"url\":\"https:\/\/www.sixense-group.com\/en\/our-csr-approach\",\"name\":\"Our CSR approach | Sixense\",\"isPartOf\":{\"@id\":\"https:\/\/www.sixense-group.com\/en\/#website\"},\"primaryImageOfPage\":{\"@id\":\"https:\/\/www.sixense-group.com\/en\/our-csr-approach#primaryimage\"},\"image\":{\"@id\":\"https:\/\/www.sixense-group.com\/en\/our-csr-approach#primaryimage\"},\"thumbnailUrl\":\"https:\/\/www.sixense-group.com\/wp-content\/uploads\/sites\/24\/2024\/04\/ch-20231206-187-banniere-intranet--scaled.jpg\",\"datePublished\":\"2024-04-03T07:30:42+00:00\",\"dateModified\":\"2025-12-24T13:28:13+00:00\",\"description\":\"Discover Sixense's CSR approach, which places social and environmental issues at the heart of the company's mission.\",\"breadcrumb\":{\"@id\":\"https:\/\/www.sixense-group.com\/en\/our-csr-approach#breadcrumb\"},\"inLanguage\":\"en-US\",\"potentialAction\":[{\"@type\":\"ReadAction\",\"target\":[\"https:\/\/www.sixense-group.com\/en\/our-csr-approach\"]}]},{\"@type\":\"ImageObject\",\"inLanguage\":\"en-US\",\"@id\":\"https:\/\/www.sixense-group.com\/en\/our-csr-approach#primaryimage\",\"url\":\"https:\/\/www.sixense-group.com\/wp-content\/uploads\/sites\/24\/2024\/04\/ch-20231206-187-banniere-intranet--scaled.jpg\",\"contentUrl\":\"https:\/\/www.sixense-group.com\/wp-content\/uploads\/sites\/24\/2024\/04\/ch-20231206-187-banniere-intranet--scaled.jpg\",\"width\":2560,\"height\":920},{\"@type\":\"BreadcrumbList\",\"@id\":\"https:\/\/www.sixense-group.com\/en\/our-csr-approach#breadcrumb\",\"itemListElement\":[{\"@type\":\"ListItem\",\"position\":1,\"name\":\"\",\"item\":\"https:\/\/www.sixense-group.com\/en\"},{\"@type\":\"ListItem\",\"position\":2,\"name\":\"Our CSR approach\"}]},{\"@type\":\"WebSite\",\"@id\":\"https:\/\/www.sixense-group.com\/en\/#website\",\"url\":\"https:\/\/www.sixense-group.com\/en\/\",\"name\":\"Sixense\",\"description\":\"Transforming your infrastructure into living assets\",\"publisher\":{\"@id\":\"https:\/\/www.sixense-group.com\/en\/#organization\"},\"alternateName\":\"Sixense Group\",\"potentialAction\":[{\"@type\":\"SearchAction\",\"target\":{\"@type\":\"EntryPoint\",\"urlTemplate\":\"https:\/\/www.sixense-group.com\/en\/?s={search_term_string}\"},\"query-input\":{\"@type\":\"PropertyValueSpecification\",\"valueRequired\":true,\"valueName\":\"search_term_string\"}}],\"inLanguage\":\"en-US\"},{\"@type\":\"Organization\",\"@id\":\"https:\/\/www.sixense-group.com\/en\/#organization\",\"name\":\"Sixense\",\"alternateName\":\"Sixense Group\",\"url\":\"https:\/\/www.sixense-group.com\/en\/\",\"logo\":{\"@type\":\"ImageObject\",\"inLanguage\":\"en-US\",\"@id\":\"https:\/\/www.sixense-group.com\/en\/#\/schema\/logo\/image\/\",\"url\":\"https:\/\/www.sixense-group.com\/wp-content\/uploads\/sites\/24\/2025\/03\/logo-sixense-carre.jpg\",\"contentUrl\":\"https:\/\/www.sixense-group.com\/wp-content\/uploads\/sites\/24\/2025\/03\/logo-sixense-carre.jpg\",\"width\":696,\"height\":696,\"caption\":\"Sixense\"},\"image\":{\"@id\":\"https:\/\/www.sixense-group.com\/en\/#\/schema\/logo\/image\/\"},\"sameAs\":[\"https:\/\/www.linkedin.com\/company\/sixense-group\",\"https:\/\/www.youtube.com\/channel\/UCi5NlIQKLRg6x56C2FS_bAQ\",\"https:\/\/fr.wikipedia.org\/wiki\/Sixense_Soldata\"],\"description\":\"Chez Sixense, nous accompagnons nos clients tout au long du cycle de vie de leurs sites et infrastructures, lors des phases de conception, construction, maintenance et d\u00e9construction. Nos activit\u00e9s sont organis\u00e9es autour des domaines d\u2019expertise suivants : ing\u00e9nierie et conseil, surveillance des projets de construction et des infrastructures, et solutions digitales (logiciels et num\u00e9risation). D\u00e9couvrez nos 4 domaines d\u2019expertises : - Ing\u00e9nierie & conseil - Auscultation & monitoring - Solutions digitales m\u00e9tiers - Services cartographiques & num\u00e9risation\",\"email\":\"contact@sixense-group.com\",\"telephone\":\"+ 33 (0)1 47 76 42 62\",\"legalName\":\"Sixense\",\"foundingDate\":\"2016-01-19\",\"vatID\":\"FR56562134544\",\"taxID\":\"56213454400153\",\"numberOfEmployees\":{\"@type\":\"QuantitativeValue\",\"minValue\":\"501\",\"maxValue\":\"1000\"},\"publishingPrinciples\":\"https:\/\/www.sixense-group.com\/mentions-legales\",\"actionableFeedbackPolicy\":\"https:\/\/www.sixense-group.com\/nous-contacter\",\"correctionsPolicy\":\"https:\/\/www.sixense-group.com\/nous-contacter\",\"ethicsPolicy\":\"https:\/\/www.sixense-group.com\/ethique\",\"diversityPolicy\":\"https:\/\/www.sixense-group.com\/notre-demarche-rse\/social-humain-et-societal\",\"diversityStaffingReport\":\"https:\/\/www.sixense-group.com\/notre-demarche-rse\/social-humain-et-societal\"}]}<\/script>\n<!-- \/ Yoast SEO Premium plugin. -->","yoast_head_json":{"title":"Our CSR approach | Sixense","description":"Discover Sixense's CSR approach, which places social and environmental issues at the heart of the company's mission.","robots":{"index":"index","follow":"follow","max-snippet":"max-snippet:-1","max-image-preview":"max-image-preview:large","max-video-preview":"max-video-preview:-1"},"canonical":"https:\/\/www.sixense-group.com\/en\/our-csr-approach","og_locale":"en_US","og_type":"article","og_title":"Our CSR approach","og_description":"Discover Sixense's CSR approach, which places social and environmental issues at the heart of the company's mission.","og_url":"https:\/\/www.sixense-group.com\/en\/our-csr-approach","og_site_name":"Sixense","article_modified_time":"2025-12-24T13:28:13+00:00","og_image":[{"width":2560,"height":920,"url":"https:\/\/www.sixense-group.com\/wp-content\/uploads\/sites\/24\/2024\/04\/ch-20231206-187-banniere-intranet--scaled.jpg","type":"image\/jpeg"}],"twitter_card":"summary_large_image","schema":{"@context":"https:\/\/schema.org","@graph":[{"@type":"WebPage","@id":"https:\/\/www.sixense-group.com\/en\/our-csr-approach","url":"https:\/\/www.sixense-group.com\/en\/our-csr-approach","name":"Our CSR approach | Sixense","isPartOf":{"@id":"https:\/\/www.sixense-group.com\/en\/#website"},"primaryImageOfPage":{"@id":"https:\/\/www.sixense-group.com\/en\/our-csr-approach#primaryimage"},"image":{"@id":"https:\/\/www.sixense-group.com\/en\/our-csr-approach#primaryimage"},"thumbnailUrl":"https:\/\/www.sixense-group.com\/wp-content\/uploads\/sites\/24\/2024\/04\/ch-20231206-187-banniere-intranet--scaled.jpg","datePublished":"2024-04-03T07:30:42+00:00","dateModified":"2025-12-24T13:28:13+00:00","description":"Discover Sixense's CSR approach, which places social and environmental issues at the heart of the company's mission.","breadcrumb":{"@id":"https:\/\/www.sixense-group.com\/en\/our-csr-approach#breadcrumb"},"inLanguage":"en-US","potentialAction":[{"@type":"ReadAction","target":["https:\/\/www.sixense-group.com\/en\/our-csr-approach"]}]},{"@type":"ImageObject","inLanguage":"en-US","@id":"https:\/\/www.sixense-group.com\/en\/our-csr-approach#primaryimage","url":"https:\/\/www.sixense-group.com\/wp-content\/uploads\/sites\/24\/2024\/04\/ch-20231206-187-banniere-intranet--scaled.jpg","contentUrl":"https:\/\/www.sixense-group.com\/wp-content\/uploads\/sites\/24\/2024\/04\/ch-20231206-187-banniere-intranet--scaled.jpg","width":2560,"height":920},{"@type":"BreadcrumbList","@id":"https:\/\/www.sixense-group.com\/en\/our-csr-approach#breadcrumb","itemListElement":[{"@type":"ListItem","position":1,"name":"","item":"https:\/\/www.sixense-group.com\/en"},{"@type":"ListItem","position":2,"name":"Our CSR approach"}]},{"@type":"WebSite","@id":"https:\/\/www.sixense-group.com\/en\/#website","url":"https:\/\/www.sixense-group.com\/en\/","name":"Sixense","description":"Transforming your infrastructure into living assets","publisher":{"@id":"https:\/\/www.sixense-group.com\/en\/#organization"},"alternateName":"Sixense Group","potentialAction":[{"@type":"SearchAction","target":{"@type":"EntryPoint","urlTemplate":"https:\/\/www.sixense-group.com\/en\/?s={search_term_string}"},"query-input":{"@type":"PropertyValueSpecification","valueRequired":true,"valueName":"search_term_string"}}],"inLanguage":"en-US"},{"@type":"Organization","@id":"https:\/\/www.sixense-group.com\/en\/#organization","name":"Sixense","alternateName":"Sixense Group","url":"https:\/\/www.sixense-group.com\/en\/","logo":{"@type":"ImageObject","inLanguage":"en-US","@id":"https:\/\/www.sixense-group.com\/en\/#\/schema\/logo\/image\/","url":"https:\/\/www.sixense-group.com\/wp-content\/uploads\/sites\/24\/2025\/03\/logo-sixense-carre.jpg","contentUrl":"https:\/\/www.sixense-group.com\/wp-content\/uploads\/sites\/24\/2025\/03\/logo-sixense-carre.jpg","width":696,"height":696,"caption":"Sixense"},"image":{"@id":"https:\/\/www.sixense-group.com\/en\/#\/schema\/logo\/image\/"},"sameAs":["https:\/\/www.linkedin.com\/company\/sixense-group","https:\/\/www.youtube.com\/channel\/UCi5NlIQKLRg6x56C2FS_bAQ","https:\/\/fr.wikipedia.org\/wiki\/Sixense_Soldata"],"description":"Chez Sixense, nous accompagnons nos clients tout au long du cycle de vie de leurs sites et infrastructures, lors des phases de conception, construction, maintenance et d\u00e9construction. Nos activit\u00e9s sont organis\u00e9es autour des domaines d\u2019expertise suivants : ing\u00e9nierie et conseil, surveillance des projets de construction et des infrastructures, et solutions digitales (logiciels et num\u00e9risation). D\u00e9couvrez nos 4 domaines d\u2019expertises : - Ing\u00e9nierie & conseil - Auscultation & monitoring - Solutions digitales m\u00e9tiers - Services cartographiques & num\u00e9risation","email":"contact@sixense-group.com","telephone":"+ 33 (0)1 47 76 42 62","legalName":"Sixense","foundingDate":"2016-01-19","vatID":"FR56562134544","taxID":"56213454400153","numberOfEmployees":{"@type":"QuantitativeValue","minValue":"501","maxValue":"1000"},"publishingPrinciples":"https:\/\/www.sixense-group.com\/mentions-legales","actionableFeedbackPolicy":"https:\/\/www.sixense-group.com\/nous-contacter","correctionsPolicy":"https:\/\/www.sixense-group.com\/nous-contacter","ethicsPolicy":"https:\/\/www.sixense-group.com\/ethique","diversityPolicy":"https:\/\/www.sixense-group.com\/notre-demarche-rse\/social-humain-et-societal","diversityStaffingReport":"https:\/\/www.sixense-group.com\/notre-demarche-rse\/social-humain-et-societal"}]}},"_links":{"self":[{"href":"https:\/\/www.sixense-group.com\/en\/wp-json\/wp\/v2\/pages\/89903","targetHints":{"allow":["GET"]}}],"collection":[{"href":"https:\/\/www.sixense-group.com\/en\/wp-json\/wp\/v2\/pages"}],"about":[{"href":"https:\/\/www.sixense-group.com\/en\/wp-json\/wp\/v2\/types\/page"}],"author":[{"embeddable":true,"href":"https:\/\/www.sixense-group.com\/en\/wp-json\/wp\/v2\/users\/527"}],"replies":[{"embeddable":true,"href":"https:\/\/www.sixense-group.com\/en\/wp-json\/wp\/v2\/comments?post=89903"}],"version-history":[{"count":10,"href":"https:\/\/www.sixense-group.com\/en\/wp-json\/wp\/v2\/pages\/89903\/revisions"}],"predecessor-version":[{"id":109080,"href":"https:\/\/www.sixense-group.com\/en\/wp-json\/wp\/v2\/pages\/89903\/revisions\/109080"}],"wp:featuredmedia":[{"embeddable":true,"href":"https:\/\/www.sixense-group.com\/en\/wp-json\/wp\/v2\/media\/88172"}],"wp:attachment":[{"href":"https:\/\/www.sixense-group.com\/en\/wp-json\/wp\/v2\/media?parent=89903"}],"curies":[{"name":"wp","href":"https:\/\/api.w.org\/{rel}","templated":true}]}}