{"id":12886,"date":"2020-09-24T10:25:14","date_gmt":"2020-09-24T08:25:14","guid":{"rendered":"https:\/\/www.sixense-group.com\/actualites"},"modified":"2025-04-30T17:41:47","modified_gmt":"2025-04-30T15:41:47","slug":"newsroom","status":"publish","type":"page","link":"https:\/\/www.sixense-group.com\/en\/newsroom","title":{"rendered":"Newsroom"},"content":{"rendered":"","protected":false},"excerpt":{"rendered":"","protected":false},"author":650,"featured_media":14206,"parent":0,"menu_order":0,"comment_status":"closed","ping_status":"closed","template":"page-actualites.php","meta":{"_acf_changed":false,"inline_featured_image":false,"footnotes":""},"class_list":["post-12886","page","type-page","status-publish","has-post-thumbnail","hentry"],"acf":[],"yoast_head":"\nNewsroom | Sixense<\/title>\n<meta name=\"description\" content=\"Find all Sixense articles and news here.Fnd all Sixense articles and news here: new projects, CSR commitments, innovation, etc.\" \/>\n<meta name=\"robots\" content=\"index, follow, max-snippet:-1, max-image-preview:large, max-video-preview:-1\" \/>\n<link rel=\"canonical\" href=\"https:\/\/www.sixense-group.com\/en\/newsroom\" \/>\n<meta property=\"og:locale\" content=\"en_US\" \/>\n<meta property=\"og:type\" content=\"article\" \/>\n<meta property=\"og:title\" content=\"Newsroom\" \/>\n<meta property=\"og:description\" content=\"Find all Sixense articles and news here.Fnd all Sixense articles and news here: new projects, CSR commitments, innovation, etc.\" \/>\n<meta property=\"og:url\" content=\"https:\/\/www.sixense-group.com\/en\/newsroom\" \/>\n<meta property=\"og:site_name\" content=\"Sixense\" \/>\n<meta property=\"article:modified_time\" content=\"2025-04-30T15:41:47+00:00\" \/>\n<meta property=\"og:image\" content=\"https:\/\/www.sixense-group.com\/wp-content\/uploads\/sites\/24\/2020\/12\/absolutvision-wyd-pkca1by-unsplash.jpg\" \/>\n\t<meta property=\"og:image:width\" content=\"1920\" \/>\n\t<meta property=\"og:image:height\" content=\"1280\" \/>\n\t<meta property=\"og:image:type\" content=\"image\/jpeg\" \/>\n<meta name=\"twitter:card\" content=\"summary_large_image\" \/>\n<script type=\"application\/ld+json\" class=\"yoast-schema-graph\">{\"@context\":\"https:\/\/schema.org\",\"@graph\":[{\"@type\":\"WebPage\",\"@id\":\"https:\/\/www.sixense-group.com\/en\/newsroom\",\"url\":\"https:\/\/www.sixense-group.com\/en\/newsroom\",\"name\":\"Newsroom | Sixense\",\"isPartOf\":{\"@id\":\"https:\/\/www.sixense-group.com\/en\/#website\"},\"primaryImageOfPage\":{\"@id\":\"https:\/\/www.sixense-group.com\/en\/newsroom#primaryimage\"},\"image\":{\"@id\":\"https:\/\/www.sixense-group.com\/en\/newsroom#primaryimage\"},\"thumbnailUrl\":\"https:\/\/www.sixense-group.com\/wp-content\/uploads\/sites\/24\/2020\/12\/absolutvision-wyd-pkca1by-unsplash.jpg\",\"datePublished\":\"2020-09-24T08:25:14+00:00\",\"dateModified\":\"2025-04-30T15:41:47+00:00\",\"description\":\"Find all Sixense articles and news here.Fnd all Sixense articles and news here: new projects, CSR commitments, innovation, etc.\",\"breadcrumb\":{\"@id\":\"https:\/\/www.sixense-group.com\/en\/newsroom#breadcrumb\"},\"inLanguage\":\"en-US\",\"potentialAction\":[{\"@type\":\"ReadAction\",\"target\":[\"https:\/\/www.sixense-group.com\/en\/newsroom\"]}]},{\"@type\":\"ImageObject\",\"inLanguage\":\"en-US\",\"@id\":\"https:\/\/www.sixense-group.com\/en\/newsroom#primaryimage\",\"url\":\"https:\/\/www.sixense-group.com\/wp-content\/uploads\/sites\/24\/2020\/12\/absolutvision-wyd-pkca1by-unsplash.jpg\",\"contentUrl\":\"https:\/\/www.sixense-group.com\/wp-content\/uploads\/sites\/24\/2020\/12\/absolutvision-wyd-pkca1by-unsplash.jpg\",\"width\":1920,\"height\":1280,\"caption\":\"newspaper image\"},{\"@type\":\"BreadcrumbList\",\"@id\":\"https:\/\/www.sixense-group.com\/en\/newsroom#breadcrumb\",\"itemListElement\":[{\"@type\":\"ListItem\",\"position\":1,\"name\":\"\",\"item\":\"https:\/\/www.sixense-group.com\/en\"},{\"@type\":\"ListItem\",\"position\":2,\"name\":\"Newsroom\"}]},{\"@type\":\"WebSite\",\"@id\":\"https:\/\/www.sixense-group.com\/en\/#website\",\"url\":\"https:\/\/www.sixense-group.com\/en\/\",\"name\":\"Sixense\",\"description\":\"Transforming your infrastructure into living assets\",\"publisher\":{\"@id\":\"https:\/\/www.sixense-group.com\/en\/#organization\"},\"alternateName\":\"Sixense Group\",\"potentialAction\":[{\"@type\":\"SearchAction\",\"target\":{\"@type\":\"EntryPoint\",\"urlTemplate\":\"https:\/\/www.sixense-group.com\/en\/?s={search_term_string}\"},\"query-input\":{\"@type\":\"PropertyValueSpecification\",\"valueRequired\":true,\"valueName\":\"search_term_string\"}}],\"inLanguage\":\"en-US\"},{\"@type\":\"Organization\",\"@id\":\"https:\/\/www.sixense-group.com\/en\/#organization\",\"name\":\"Sixense\",\"alternateName\":\"Sixense Group\",\"url\":\"https:\/\/www.sixense-group.com\/en\/\",\"logo\":{\"@type\":\"ImageObject\",\"inLanguage\":\"en-US\",\"@id\":\"https:\/\/www.sixense-group.com\/en\/#\/schema\/logo\/image\/\",\"url\":\"https:\/\/www.sixense-group.com\/wp-content\/uploads\/sites\/24\/2025\/03\/logo-sixense-carre.jpg\",\"contentUrl\":\"https:\/\/www.sixense-group.com\/wp-content\/uploads\/sites\/24\/2025\/03\/logo-sixense-carre.jpg\",\"width\":696,\"height\":696,\"caption\":\"Sixense\"},\"image\":{\"@id\":\"https:\/\/www.sixense-group.com\/en\/#\/schema\/logo\/image\/\"},\"sameAs\":[\"https:\/\/www.linkedin.com\/company\/sixense-group\",\"https:\/\/www.youtube.com\/channel\/UCi5NlIQKLRg6x56C2FS_bAQ\",\"https:\/\/fr.wikipedia.org\/wiki\/Sixense_Soldata\"],\"description\":\"Chez Sixense, nous accompagnons nos clients tout au long du cycle de vie de leurs sites et infrastructures, lors des phases de conception, construction, maintenance et d\u00e9construction. Nos activit\u00e9s sont organis\u00e9es autour des domaines d\u2019expertise suivants : ing\u00e9nierie et conseil, surveillance des projets de construction et des infrastructures, et solutions digitales (logiciels et num\u00e9risation). D\u00e9couvrez nos 4 domaines d\u2019expertises : - Ing\u00e9nierie & conseil - Auscultation & monitoring - Solutions digitales m\u00e9tiers - Services cartographiques & num\u00e9risation\",\"email\":\"contact@sixense-group.com\",\"telephone\":\"+ 33 (0)1 47 76 42 62\",\"legalName\":\"Sixense\",\"foundingDate\":\"2016-01-19\",\"vatID\":\"FR56562134544\",\"taxID\":\"56213454400153\",\"numberOfEmployees\":{\"@type\":\"QuantitativeValue\",\"minValue\":\"501\",\"maxValue\":\"1000\"},\"publishingPrinciples\":\"https:\/\/www.sixense-group.com\/mentions-legales\",\"actionableFeedbackPolicy\":\"https:\/\/www.sixense-group.com\/nous-contacter\",\"correctionsPolicy\":\"https:\/\/www.sixense-group.com\/nous-contacter\",\"ethicsPolicy\":\"https:\/\/www.sixense-group.com\/ethique\",\"diversityPolicy\":\"https:\/\/www.sixense-group.com\/notre-demarche-rse\/social-humain-et-societal\",\"diversityStaffingReport\":\"https:\/\/www.sixense-group.com\/notre-demarche-rse\/social-humain-et-societal\"}]}<\/script>\n<!-- \/ Yoast SEO Premium plugin. -->","yoast_head_json":{"title":"Newsroom | Sixense","description":"Find all Sixense articles and news here.Fnd all Sixense articles and news here: new projects, CSR commitments, innovation, etc.","robots":{"index":"index","follow":"follow","max-snippet":"max-snippet:-1","max-image-preview":"max-image-preview:large","max-video-preview":"max-video-preview:-1"},"canonical":"https:\/\/www.sixense-group.com\/en\/newsroom","og_locale":"en_US","og_type":"article","og_title":"Newsroom","og_description":"Find all Sixense articles and news here.Fnd all Sixense articles and news here: new projects, CSR commitments, innovation, etc.","og_url":"https:\/\/www.sixense-group.com\/en\/newsroom","og_site_name":"Sixense","article_modified_time":"2025-04-30T15:41:47+00:00","og_image":[{"width":1920,"height":1280,"url":"https:\/\/www.sixense-group.com\/wp-content\/uploads\/sites\/24\/2020\/12\/absolutvision-wyd-pkca1by-unsplash.jpg","type":"image\/jpeg"}],"twitter_card":"summary_large_image","schema":{"@context":"https:\/\/schema.org","@graph":[{"@type":"WebPage","@id":"https:\/\/www.sixense-group.com\/en\/newsroom","url":"https:\/\/www.sixense-group.com\/en\/newsroom","name":"Newsroom | Sixense","isPartOf":{"@id":"https:\/\/www.sixense-group.com\/en\/#website"},"primaryImageOfPage":{"@id":"https:\/\/www.sixense-group.com\/en\/newsroom#primaryimage"},"image":{"@id":"https:\/\/www.sixense-group.com\/en\/newsroom#primaryimage"},"thumbnailUrl":"https:\/\/www.sixense-group.com\/wp-content\/uploads\/sites\/24\/2020\/12\/absolutvision-wyd-pkca1by-unsplash.jpg","datePublished":"2020-09-24T08:25:14+00:00","dateModified":"2025-04-30T15:41:47+00:00","description":"Find all Sixense articles and news here.Fnd all Sixense articles and news here: new projects, CSR commitments, innovation, etc.","breadcrumb":{"@id":"https:\/\/www.sixense-group.com\/en\/newsroom#breadcrumb"},"inLanguage":"en-US","potentialAction":[{"@type":"ReadAction","target":["https:\/\/www.sixense-group.com\/en\/newsroom"]}]},{"@type":"ImageObject","inLanguage":"en-US","@id":"https:\/\/www.sixense-group.com\/en\/newsroom#primaryimage","url":"https:\/\/www.sixense-group.com\/wp-content\/uploads\/sites\/24\/2020\/12\/absolutvision-wyd-pkca1by-unsplash.jpg","contentUrl":"https:\/\/www.sixense-group.com\/wp-content\/uploads\/sites\/24\/2020\/12\/absolutvision-wyd-pkca1by-unsplash.jpg","width":1920,"height":1280,"caption":"newspaper image"},{"@type":"BreadcrumbList","@id":"https:\/\/www.sixense-group.com\/en\/newsroom#breadcrumb","itemListElement":[{"@type":"ListItem","position":1,"name":"","item":"https:\/\/www.sixense-group.com\/en"},{"@type":"ListItem","position":2,"name":"Newsroom"}]},{"@type":"WebSite","@id":"https:\/\/www.sixense-group.com\/en\/#website","url":"https:\/\/www.sixense-group.com\/en\/","name":"Sixense","description":"Transforming your infrastructure into living assets","publisher":{"@id":"https:\/\/www.sixense-group.com\/en\/#organization"},"alternateName":"Sixense Group","potentialAction":[{"@type":"SearchAction","target":{"@type":"EntryPoint","urlTemplate":"https:\/\/www.sixense-group.com\/en\/?s={search_term_string}"},"query-input":{"@type":"PropertyValueSpecification","valueRequired":true,"valueName":"search_term_string"}}],"inLanguage":"en-US"},{"@type":"Organization","@id":"https:\/\/www.sixense-group.com\/en\/#organization","name":"Sixense","alternateName":"Sixense Group","url":"https:\/\/www.sixense-group.com\/en\/","logo":{"@type":"ImageObject","inLanguage":"en-US","@id":"https:\/\/www.sixense-group.com\/en\/#\/schema\/logo\/image\/","url":"https:\/\/www.sixense-group.com\/wp-content\/uploads\/sites\/24\/2025\/03\/logo-sixense-carre.jpg","contentUrl":"https:\/\/www.sixense-group.com\/wp-content\/uploads\/sites\/24\/2025\/03\/logo-sixense-carre.jpg","width":696,"height":696,"caption":"Sixense"},"image":{"@id":"https:\/\/www.sixense-group.com\/en\/#\/schema\/logo\/image\/"},"sameAs":["https:\/\/www.linkedin.com\/company\/sixense-group","https:\/\/www.youtube.com\/channel\/UCi5NlIQKLRg6x56C2FS_bAQ","https:\/\/fr.wikipedia.org\/wiki\/Sixense_Soldata"],"description":"Chez Sixense, nous accompagnons nos clients tout au long du cycle de vie de leurs sites et infrastructures, lors des phases de conception, construction, maintenance et d\u00e9construction. Nos activit\u00e9s sont organis\u00e9es autour des domaines d\u2019expertise suivants : ing\u00e9nierie et conseil, surveillance des projets de construction et des infrastructures, et solutions digitales (logiciels et num\u00e9risation). D\u00e9couvrez nos 4 domaines d\u2019expertises : - Ing\u00e9nierie & conseil - Auscultation & monitoring - Solutions digitales m\u00e9tiers - Services cartographiques & num\u00e9risation","email":"contact@sixense-group.com","telephone":"+ 33 (0)1 47 76 42 62","legalName":"Sixense","foundingDate":"2016-01-19","vatID":"FR56562134544","taxID":"56213454400153","numberOfEmployees":{"@type":"QuantitativeValue","minValue":"501","maxValue":"1000"},"publishingPrinciples":"https:\/\/www.sixense-group.com\/mentions-legales","actionableFeedbackPolicy":"https:\/\/www.sixense-group.com\/nous-contacter","correctionsPolicy":"https:\/\/www.sixense-group.com\/nous-contacter","ethicsPolicy":"https:\/\/www.sixense-group.com\/ethique","diversityPolicy":"https:\/\/www.sixense-group.com\/notre-demarche-rse\/social-humain-et-societal","diversityStaffingReport":"https:\/\/www.sixense-group.com\/notre-demarche-rse\/social-humain-et-societal"}]}},"_links":{"self":[{"href":"https:\/\/www.sixense-group.com\/en\/wp-json\/wp\/v2\/pages\/12886","targetHints":{"allow":["GET"]}}],"collection":[{"href":"https:\/\/www.sixense-group.com\/en\/wp-json\/wp\/v2\/pages"}],"about":[{"href":"https:\/\/www.sixense-group.com\/en\/wp-json\/wp\/v2\/types\/page"}],"author":[{"embeddable":true,"href":"https:\/\/www.sixense-group.com\/en\/wp-json\/wp\/v2\/users\/650"}],"replies":[{"embeddable":true,"href":"https:\/\/www.sixense-group.com\/en\/wp-json\/wp\/v2\/comments?post=12886"}],"version-history":[{"count":2,"href":"https:\/\/www.sixense-group.com\/en\/wp-json\/wp\/v2\/pages\/12886\/revisions"}],"predecessor-version":[{"id":101874,"href":"https:\/\/www.sixense-group.com\/en\/wp-json\/wp\/v2\/pages\/12886\/revisions\/101874"}],"wp:featuredmedia":[{"embeddable":true,"href":"https:\/\/www.sixense-group.com\/en\/wp-json\/wp\/v2\/media\/14206"}],"wp:attachment":[{"href":"https:\/\/www.sixense-group.com\/en\/wp-json\/wp\/v2\/media?parent=12886"}],"curies":[{"name":"wp","href":"https:\/\/api.w.org\/{rel}","templated":true}]}}